{"id":2,"date":"2020-10-03T15:25:50","date_gmt":"2020-10-03T07:25:50","guid":{"rendered":"http:\/\/rippaexcavator.com\/?page_id=2"},"modified":"2022-01-07T12:57:47","modified_gmt":"2022-01-07T04:57:47","slug":"about","status":"publish","type":"page","link":"https:\/\/www.rippaexcavator.com\/sk\/about\/","title":{"rendered":"ABOUT US"},"content":{"rendered":"<p style=\"text-indent: 10px;\">China Rippa Machinery Group Co., Ltd., established in 2012, is located in Jining City, Shandong Province, with a registered capital of 50 million. It is a professional construction machinery Co., Ltd. which integrates the development, production and sales of non-standard special equipment, tooling and fixtures, parts and components, and complete construction machinery. The company has a strong technical development team, strict production management regulations, and standard assembly line production operations. The company now has 200 registered personnel.<\/p>\n<p><img alt=\"ABOUT US-Mini Excavators For Sale - Rippa\u00ae China Manufacturer\" title=\"ABOUT US-Mini Excavators For Sale - Rippa\u00ae China Manufacturer\" decoding=\"async\" class=\"aligncenter size-full wp-image-2289\" src=\"https:\/\/www.rippaexcavator.com\/wp-content\/uploads\/2022\/01\/oome.jpg\" width=\"100%\" srcset=\"https:\/\/www.rippaexcavator.com\/wp-content\/uploads\/2022\/01\/oome.jpg 1000w, https:\/\/www.rippaexcavator.com\/wp-content\/uploads\/2022\/01\/oome-300x284.jpg 300w, https:\/\/www.rippaexcavator.com\/wp-content\/uploads\/2022\/01\/oome-768x728.jpg 768w\" sizes=\"(max-width: 1000px) 100vw, 1000px\" \/><\/p>\n<p style=\"text-indent: 10px;\">At present, the company mainly produces various types of excavators, rollers, crawler transport vehicles,\u00a0 etc. It supplies and provides supporting facilities for the world famous Komatsu, Shantui, XCMG, BYD, Lingong, Lovol heavy industry, Yankuang, sijimuge, Wanda, Ginza and other large enterprises.<\/p>\n<p><img alt=\"ABOUT US-Mini Excavators For Sale - Rippa\u00ae China Manufacturer\" title=\"ABOUT US-Mini Excavators For Sale - Rippa\u00ae China Manufacturer\" decoding=\"async\" class=\"aligncenter size-full wp-image-2234\" src=\"https:\/\/www.rippaexcavator.com\/wp-content\/uploads\/2021\/11\/peijina_03-1.jpg\" width=\"100%\" srcset=\"https:\/\/www.rippaexcavator.com\/wp-content\/uploads\/2021\/11\/peijina_03-1.jpg 1258w, https:\/\/www.rippaexcavator.com\/wp-content\/uploads\/2021\/11\/peijina_03-1-300x77.jpg 300w, https:\/\/www.rippaexcavator.com\/wp-content\/uploads\/2021\/11\/peijina_03-1-1024x263.jpg 1024w, https:\/\/www.rippaexcavator.com\/wp-content\/uploads\/2021\/11\/peijina_03-1-768x197.jpg 768w\" sizes=\"(max-width: 1258px) 100vw, 1258px\" \/><\/p>\n<p><img alt=\"ABOUT US-Mini Excavators For Sale - Rippa\u00ae China Manufacturer\" title=\"ABOUT US-Mini Excavators For Sale - Rippa\u00ae China Manufacturer\" decoding=\"async\" class=\"aligncenter size-full wp-image-2232\" src=\"https:\/\/www.rippaexcavator.com\/wp-content\/uploads\/2021\/11\/peijina_01-1-e1638604046523.jpg\" width=\"100%\" srcset=\"https:\/\/www.rippaexcavator.com\/wp-content\/uploads\/2021\/11\/peijina_01-1-e1638604046523.jpg 1258w, https:\/\/www.rippaexcavator.com\/wp-content\/uploads\/2021\/11\/peijina_01-1-e1638604046523-300x75.jpg 300w, https:\/\/www.rippaexcavator.com\/wp-content\/uploads\/2021\/11\/peijina_01-1-e1638604046523-1024x256.jpg 1024w, https:\/\/www.rippaexcavator.com\/wp-content\/uploads\/2021\/11\/peijina_01-1-e1638604046523-768x192.jpg 768w\" sizes=\"(max-width: 1258px) 100vw, 1258px\" \/><\/p>\n<p style=\"text-indent: 10px;\">In March 2015, the company established the e-commerce business department, and settled in Alibaba, Taobao, Jingdong, Baidu and other e-commerce platforms. In July 2016, the Ministry of e-commerce and foreign trade was established and incorporated into the resident power e-commerce building. In just two years of e-commerce, the products are sold all over the country and exported to the United States, Russia, Algeria and other overseas countries.<\/p>\n<p><img alt=\"ABOUT US-Mini Excavators For Sale - Rippa\u00ae China Manufacturer\" title=\"ABOUT US-Mini Excavators For Sale - Rippa\u00ae China Manufacturer\" decoding=\"async\" class=\"aligncenter size-full wp-image-2276\" src=\"https:\/\/www.rippaexcavator.com\/wp-content\/uploads\/2021\/12\/121212_01.jpg\" width=\"100%\" srcset=\"https:\/\/www.rippaexcavator.com\/wp-content\/uploads\/2021\/12\/121212_01.jpg 850w, https:\/\/www.rippaexcavator.com\/wp-content\/uploads\/2021\/12\/121212_01-300x76.jpg 300w, https:\/\/www.rippaexcavator.com\/wp-content\/uploads\/2021\/12\/121212_01-768x195.jpg 768w\" sizes=\"(max-width: 850px) 100vw, 850px\" \/><\/p>\n<p><img alt=\"ABOUT US-Mini Excavators For Sale - Rippa\u00ae China Manufacturer\" title=\"ABOUT US-Mini Excavators For Sale - Rippa\u00ae China Manufacturer\" decoding=\"async\" class=\"aligncenter size-full wp-image-2277\" src=\"https:\/\/www.rippaexcavator.com\/wp-content\/uploads\/2021\/12\/121212_02.jpg\" width=\"100%\" srcset=\"https:\/\/www.rippaexcavator.com\/wp-content\/uploads\/2021\/12\/121212_02.jpg 850w, https:\/\/www.rippaexcavator.com\/wp-content\/uploads\/2021\/12\/121212_02-300x72.jpg 300w, https:\/\/www.rippaexcavator.com\/wp-content\/uploads\/2021\/12\/121212_02-768x184.jpg 768w\" sizes=\"(max-width: 850px) 100vw, 850px\" \/><\/p>\n<p style=\"text-indent: 10px;\">With good industry reputation, perfect sales network and perfect technical system, it has won the unanimous praise of domestic and foreign customers. The company adheres to the enterprise spirit of market-oriented, service first, and combination of e-commerce and entity. In the next two years, we will strive to build lipai into a national e-commerce model enterprise.<\/p>\n<p><img alt=\"ABOUT US-Mini Excavators For Sale - Rippa\u00ae China Manufacturer\" title=\"ABOUT US-Mini Excavators For Sale - Rippa\u00ae China Manufacturer\" decoding=\"async\" class=\"alignnone size-full wp-image-1189\" src=\"https:\/\/rippaexcavator.com\/wp-content\/uploads\/2021\/03\/111.jpg\" width=\"100%\" srcset=\"https:\/\/www.rippaexcavator.com\/wp-content\/uploads\/2021\/03\/111.jpg 800w, https:\/\/www.rippaexcavator.com\/wp-content\/uploads\/2021\/03\/111-300x31.jpg 300w, https:\/\/www.rippaexcavator.com\/wp-content\/uploads\/2021\/03\/111-768x79.jpg 768w\" sizes=\"(max-width: 800px) 100vw, 800px\" \/><\/p>\n<p><img alt=\"ABOUT US-Mini Excavators For Sale - Rippa\u00ae China Manufacturer\" title=\"ABOUT US-Mini Excavators For Sale - Rippa\u00ae China Manufacturer\" decoding=\"async\" class=\"aligncenter size-full wp-image-2176\" src=\"https:\/\/www.rippaexcavator.com\/wp-content\/uploads\/2021\/11\/\u5fae\u4fe1\u56fe\u7247_20211129111341.jpg\" width=\"100%\" srcset=\"https:\/\/www.rippaexcavator.com\/wp-content\/uploads\/2021\/11\/\u5fae\u4fe1\u56fe\u7247_20211129111341.jpg 2251w, https:\/\/www.rippaexcavator.com\/wp-content\/uploads\/2021\/11\/\u5fae\u4fe1\u56fe\u7247_20211129111341-300x160.jpg 300w, https:\/\/www.rippaexcavator.com\/wp-content\/uploads\/2021\/11\/\u5fae\u4fe1\u56fe\u7247_20211129111341-1024x545.jpg 1024w, https:\/\/www.rippaexcavator.com\/wp-content\/uploads\/2021\/11\/\u5fae\u4fe1\u56fe\u7247_20211129111341-768x408.jpg 768w, https:\/\/www.rippaexcavator.com\/wp-content\/uploads\/2021\/11\/\u5fae\u4fe1\u56fe\u7247_20211129111341-1536x817.jpg 1536w, https:\/\/www.rippaexcavator.com\/wp-content\/uploads\/2021\/11\/\u5fae\u4fe1\u56fe\u7247_20211129111341-2048x1089.jpg 2048w\" sizes=\"(max-width: 2251px) 100vw, 2251px\" \/><\/p>","protected":false},"excerpt":{"rendered":"<p>China Rippa Machinery Group Co., Ltd., established in 2012, is located in Jining City, Shandong Province, with a registered capital of 50 million. It is a professional construction machinery Co., Ltd. which integrates the development, production and sales of non-standard special equipment, tooling and fixtures, parts and components, and complete construction machinery. The company has [&hellip;]<\/p>","protected":false},"author":1,"featured_media":0,"parent":0,"menu_order":0,"comment_status":"open","ping_status":"open","template":"","meta":{"_acf_changed":false,"footnotes":""},"class_list":["post-2","page","type-page","status-publish","hentry"],"acf":[],"yoast_head":"<!-- This site is optimized with the Yoast SEO plugin v26.6 - https:\/\/yoast.com\/wordpress\/plugins\/seo\/ -->\n<title>ABOUT US - Mini Excavators For Sale - Rippa\u00ae China Manufacturer<\/title>\n<meta name=\"robots\" content=\"index, follow, max-snippet:-1, max-image-preview:large, max-video-preview:-1\" \/>\n<link rel=\"canonical\" href=\"https:\/\/www.rippaexcavator.com\/sk\/about\/\" \/>\n<meta property=\"og:locale\" content=\"sk_SK\" \/>\n<meta property=\"og:type\" content=\"article\" \/>\n<meta property=\"og:title\" content=\"ABOUT US - Mini Excavators For Sale - Rippa\u00ae China Manufacturer\" \/>\n<meta property=\"og:description\" content=\"China Rippa Machinery Group Co., Ltd., established in 2012, is located in Jining City, Shandong Province, with a registered capital of 50 million. It is a professional construction machinery Co., Ltd. which integrates the development, production and sales of non-standard special equipment, tooling and fixtures, parts and components, and complete construction machinery. The company has [&hellip;]\" \/>\n<meta property=\"og:url\" content=\"https:\/\/www.rippaexcavator.com\/sk\/about\/\" \/>\n<meta property=\"og:site_name\" content=\"Mini Excavators For Sale - Rippa\u00ae China Manufacturer\" \/>\n<meta property=\"article:publisher\" content=\"https:\/\/www.facebook.com\/RippaGroup\" \/>\n<meta property=\"article:modified_time\" content=\"2022-01-07T04:57:47+00:00\" \/>\n<meta property=\"og:image\" content=\"https:\/\/www.rippaexcavator.com\/wp-content\/uploads\/2022\/01\/oome.jpg\" \/>\n<meta name=\"twitter:card\" content=\"summary_large_image\" \/>\n<meta name=\"twitter:label1\" content=\"Predpokladan\u00fd \u010das \u010d\u00edtania\" \/>\n\t<meta name=\"twitter:data1\" content=\"1 min\u00fata\" \/>\n<script type=\"application\/ld+json\" class=\"yoast-schema-graph\">{\"@context\":\"https:\/\/schema.org\",\"@graph\":[{\"@type\":\"WebPage\",\"@id\":\"https:\/\/www.rippaexcavator.com\/about\/\",\"url\":\"https:\/\/www.rippaexcavator.com\/about\/\",\"name\":\"ABOUT US - Mini Excavators For Sale - Rippa\u00ae China Manufacturer\",\"isPartOf\":{\"@id\":\"https:\/\/www.rippaexcavator.com\/#website\"},\"primaryImageOfPage\":{\"@id\":\"https:\/\/www.rippaexcavator.com\/about\/#primaryimage\"},\"image\":{\"@id\":\"https:\/\/www.rippaexcavator.com\/about\/#primaryimage\"},\"thumbnailUrl\":\"https:\/\/www.rippaexcavator.com\/wp-content\/uploads\/2022\/01\/oome.jpg\",\"datePublished\":\"2020-10-03T07:25:50+00:00\",\"dateModified\":\"2022-01-07T04:57:47+00:00\",\"breadcrumb\":{\"@id\":\"https:\/\/www.rippaexcavator.com\/about\/#breadcrumb\"},\"inLanguage\":\"sk-SK\",\"potentialAction\":[{\"@type\":\"ReadAction\",\"target\":[\"https:\/\/www.rippaexcavator.com\/about\/\"]}]},{\"@type\":\"ImageObject\",\"inLanguage\":\"sk-SK\",\"@id\":\"https:\/\/www.rippaexcavator.com\/about\/#primaryimage\",\"url\":\"https:\/\/www.rippaexcavator.com\/wp-content\/uploads\/2022\/01\/oome.jpg\",\"contentUrl\":\"https:\/\/www.rippaexcavator.com\/wp-content\/uploads\/2022\/01\/oome.jpg\"},{\"@type\":\"BreadcrumbList\",\"@id\":\"https:\/\/www.rippaexcavator.com\/about\/#breadcrumb\",\"itemListElement\":[{\"@type\":\"ListItem\",\"position\":1,\"name\":\"\u9996\u9875\",\"item\":\"https:\/\/www.rippaexcavator.com\/\"},{\"@type\":\"ListItem\",\"position\":2,\"name\":\"ABOUT US\"}]},{\"@type\":\"WebSite\",\"@id\":\"https:\/\/www.rippaexcavator.com\/#website\",\"url\":\"https:\/\/www.rippaexcavator.com\/\",\"name\":\"Rippa excavator\",\"description\":\"Professional manufacturer of mini excavators in China, can customize ODM, OEM, air conditioning, color, \u200ebe our agent\uff01\",\"potentialAction\":[{\"@type\":\"SearchAction\",\"target\":{\"@type\":\"EntryPoint\",\"urlTemplate\":\"https:\/\/www.rippaexcavator.com\/?s={search_term_string}\"},\"query-input\":{\"@type\":\"PropertyValueSpecification\",\"valueRequired\":true,\"valueName\":\"search_term_string\"}}],\"inLanguage\":\"sk-SK\"}]}<\/script>\n<!-- \/ Yoast SEO plugin. -->","yoast_head_json":{"title":"ABOUT US - Mini Excavators For Sale - Rippa\u00ae China Manufacturer","robots":{"index":"index","follow":"follow","max-snippet":"max-snippet:-1","max-image-preview":"max-image-preview:large","max-video-preview":"max-video-preview:-1"},"canonical":"https:\/\/www.rippaexcavator.com\/sk\/about\/","og_locale":"sk_SK","og_type":"article","og_title":"ABOUT US - Mini Excavators For Sale - Rippa\u00ae China Manufacturer","og_description":"China Rippa Machinery Group Co., Ltd., established in 2012, is located in Jining City, Shandong Province, with a registered capital of 50 million. It is a professional construction machinery Co., Ltd. which integrates the development, production and sales of non-standard special equipment, tooling and fixtures, parts and components, and complete construction machinery. The company has [&hellip;]","og_url":"https:\/\/www.rippaexcavator.com\/sk\/about\/","og_site_name":"Mini Excavators For Sale - Rippa\u00ae China Manufacturer","article_publisher":"https:\/\/www.facebook.com\/RippaGroup","article_modified_time":"2022-01-07T04:57:47+00:00","og_image":[{"url":"https:\/\/www.rippaexcavator.com\/wp-content\/uploads\/2022\/01\/oome.jpg","type":"","width":"","height":""}],"twitter_card":"summary_large_image","twitter_misc":{"Predpokladan\u00fd \u010das \u010d\u00edtania":"1 min\u00fata"},"schema":{"@context":"https:\/\/schema.org","@graph":[{"@type":"WebPage","@id":"https:\/\/www.rippaexcavator.com\/about\/","url":"https:\/\/www.rippaexcavator.com\/about\/","name":"ABOUT US - Mini Excavators For Sale - Rippa\u00ae China Manufacturer","isPartOf":{"@id":"https:\/\/www.rippaexcavator.com\/#website"},"primaryImageOfPage":{"@id":"https:\/\/www.rippaexcavator.com\/about\/#primaryimage"},"image":{"@id":"https:\/\/www.rippaexcavator.com\/about\/#primaryimage"},"thumbnailUrl":"https:\/\/www.rippaexcavator.com\/wp-content\/uploads\/2022\/01\/oome.jpg","datePublished":"2020-10-03T07:25:50+00:00","dateModified":"2022-01-07T04:57:47+00:00","breadcrumb":{"@id":"https:\/\/www.rippaexcavator.com\/about\/#breadcrumb"},"inLanguage":"sk-SK","potentialAction":[{"@type":"ReadAction","target":["https:\/\/www.rippaexcavator.com\/about\/"]}]},{"@type":"ImageObject","inLanguage":"sk-SK","@id":"https:\/\/www.rippaexcavator.com\/about\/#primaryimage","url":"https:\/\/www.rippaexcavator.com\/wp-content\/uploads\/2022\/01\/oome.jpg","contentUrl":"https:\/\/www.rippaexcavator.com\/wp-content\/uploads\/2022\/01\/oome.jpg"},{"@type":"BreadcrumbList","@id":"https:\/\/www.rippaexcavator.com\/about\/#breadcrumb","itemListElement":[{"@type":"ListItem","position":1,"name":"\u9996\u9875","item":"https:\/\/www.rippaexcavator.com\/"},{"@type":"ListItem","position":2,"name":"ABOUT US"}]},{"@type":"WebSite","@id":"https:\/\/www.rippaexcavator.com\/#website","url":"https:\/\/www.rippaexcavator.com\/","name":"Rippa excavator","description":"Professional manufacturer of mini excavators in China, can customize ODM, OEM, air conditioning, color, \u200ebe our agent\uff01","potentialAction":[{"@type":"SearchAction","target":{"@type":"EntryPoint","urlTemplate":"https:\/\/www.rippaexcavator.com\/?s={search_term_string}"},"query-input":{"@type":"PropertyValueSpecification","valueRequired":true,"valueName":"search_term_string"}}],"inLanguage":"sk-SK"}]}},"_links":{"self":[{"href":"https:\/\/www.rippaexcavator.com\/sk\/wp-json\/wp\/v2\/pages\/2","targetHints":{"allow":["GET"]}}],"collection":[{"href":"https:\/\/www.rippaexcavator.com\/sk\/wp-json\/wp\/v2\/pages"}],"about":[{"href":"https:\/\/www.rippaexcavator.com\/sk\/wp-json\/wp\/v2\/types\/page"}],"author":[{"embeddable":true,"href":"https:\/\/www.rippaexcavator.com\/sk\/wp-json\/wp\/v2\/users\/1"}],"replies":[{"embeddable":true,"href":"https:\/\/www.rippaexcavator.com\/sk\/wp-json\/wp\/v2\/comments?post=2"}],"version-history":[{"count":0,"href":"https:\/\/www.rippaexcavator.com\/sk\/wp-json\/wp\/v2\/pages\/2\/revisions"}],"wp:attachment":[{"href":"https:\/\/www.rippaexcavator.com\/sk\/wp-json\/wp\/v2\/media?parent=2"}],"curies":[{"name":"wp","href":"https:\/\/api.w.org\/{rel}","templated":true}]}}