{"id":2,"date":"2020-10-03T15:25:50","date_gmt":"2020-10-03T07:25:50","guid":{"rendered":"http:\/\/rippaexcavator.com\/?page_id=2"},"modified":"2022-01-07T12:57:47","modified_gmt":"2022-01-07T04:57:47","slug":"about","status":"publish","type":"page","link":"https:\/\/www.rippaexcavator.com\/hu\/about\/","title":{"rendered":"ABOUT US"},"content":{"rendered":"<p style=\"text-indent: 10px;\">A 2012-ben alap\u00edtott China Rippa Machinery Group Co., Ltd. sz\u00e9khelye Jining v\u00e1ros\u00e1ban, Shandong tartom\u00e1nyban tal\u00e1lhat\u00f3, 50 milli\u00f3s jegyzett t\u0151k\u00e9vel. Ez egy professzion\u00e1lis \u00e9p\u00edt\u0151ipari g\u00e9pgy\u00e1rt\u00f3 Co., Ltd., amely integr\u00e1lja a nem szabv\u00e1nyos speci\u00e1lis berendez\u00e9sek, szersz\u00e1mok \u00e9s szerelv\u00e9nyek, alkatr\u00e9szek \u00e9s alkatr\u00e9szek, valamint teljes \u00e9p\u00edt\u0151ipari g\u00e9pek fejleszt\u00e9s\u00e9t, gy\u00e1rt\u00e1s\u00e1t \u00e9s \u00e9rt\u00e9kes\u00edt\u00e9s\u00e9t. A v\u00e1llalat er\u0151s m\u0171szaki fejleszt\u0151csapattal, szigor\u00fa termel\u00e9sir\u00e1ny\u00edt\u00e1si szab\u00e1lyokkal \u00e9s szabv\u00e1nyos fut\u00f3szalagos gy\u00e1rt\u00e1si m\u0171veletekkel rendelkezik. A v\u00e1llalat jelenleg 200 regisztr\u00e1lt alkalmazottat foglalkoztat.<\/p>\n<p><img alt=\"ABOUT US-Mini Excavators For Sale - Rippa\u00ae China Manufacturer\" title=\"ABOUT US-Mini Excavators For Sale - Rippa\u00ae China Manufacturer\" decoding=\"async\" class=\"aligncenter size-full wp-image-2289\" src=\"https:\/\/www.rippaexcavator.com\/wp-content\/uploads\/2022\/01\/oome.jpg\" width=\"100%\" srcset=\"https:\/\/www.rippaexcavator.com\/wp-content\/uploads\/2022\/01\/oome.jpg 1000w, https:\/\/www.rippaexcavator.com\/wp-content\/uploads\/2022\/01\/oome-300x284.jpg 300w, https:\/\/www.rippaexcavator.com\/wp-content\/uploads\/2022\/01\/oome-768x728.jpg 768w\" sizes=\"(max-width: 1000px) 100vw, 1000px\" \/><\/p>\n<p style=\"text-indent: 10px;\">Jelenleg a v\u00e1llalat els\u0151sorban k\u00fcl\u00f6nb\u00f6z\u0151 t\u00edpus\u00fa kotr\u00f3g\u00e9peket, hengereket, l\u00e1nctalpas sz\u00e1ll\u00edt\u00f3j\u00e1rm\u0171veket stb. gy\u00e1rt. Sz\u00e1ll\u00edt \u00e9s t\u00e1mogat\u00f3 l\u00e9tes\u00edtm\u00e9nyeket biztos\u00edt a vil\u00e1gh\u00edr\u0171 Komatsu, Shantui, XCMG, BYD, Lingong, Lovol neh\u00e9zipar, Yankuang, sijimuge, Wanda, Ginza \u00e9s m\u00e1s nagyv\u00e1llalatok sz\u00e1m\u00e1ra.<\/p>\n<p><img alt=\"ABOUT US-Mini Excavators For Sale - Rippa\u00ae China Manufacturer\" title=\"ABOUT US-Mini Excavators For Sale - Rippa\u00ae China Manufacturer\" decoding=\"async\" class=\"aligncenter size-full wp-image-2234\" src=\"https:\/\/www.rippaexcavator.com\/wp-content\/uploads\/2021\/11\/peijina_03-1.jpg\" width=\"100%\" srcset=\"https:\/\/www.rippaexcavator.com\/wp-content\/uploads\/2021\/11\/peijina_03-1.jpg 1258w, https:\/\/www.rippaexcavator.com\/wp-content\/uploads\/2021\/11\/peijina_03-1-300x77.jpg 300w, https:\/\/www.rippaexcavator.com\/wp-content\/uploads\/2021\/11\/peijina_03-1-1024x263.jpg 1024w, https:\/\/www.rippaexcavator.com\/wp-content\/uploads\/2021\/11\/peijina_03-1-768x197.jpg 768w\" sizes=\"(max-width: 1258px) 100vw, 1258px\" \/><\/p>\n<p><img alt=\"ABOUT US-Mini Excavators For Sale - Rippa\u00ae China Manufacturer\" title=\"ABOUT US-Mini Excavators For Sale - Rippa\u00ae China Manufacturer\" decoding=\"async\" class=\"aligncenter size-full wp-image-2232\" src=\"https:\/\/www.rippaexcavator.com\/wp-content\/uploads\/2021\/11\/peijina_01-1-e1638604046523.jpg\" width=\"100%\" srcset=\"https:\/\/www.rippaexcavator.com\/wp-content\/uploads\/2021\/11\/peijina_01-1-e1638604046523.jpg 1258w, https:\/\/www.rippaexcavator.com\/wp-content\/uploads\/2021\/11\/peijina_01-1-e1638604046523-300x75.jpg 300w, https:\/\/www.rippaexcavator.com\/wp-content\/uploads\/2021\/11\/peijina_01-1-e1638604046523-1024x256.jpg 1024w, https:\/\/www.rippaexcavator.com\/wp-content\/uploads\/2021\/11\/peijina_01-1-e1638604046523-768x192.jpg 768w\" sizes=\"(max-width: 1258px) 100vw, 1258px\" \/><\/p>\n<p style=\"text-indent: 10px;\">2015 m\u00e1rcius\u00e1ban a v\u00e1llalat l\u00e9trehozta az e-kereskedelmi \u00fczlet\u00e1gat, \u00e9s letelepedett az Alibaba, Taobao, Jingdong, Baidu \u00e9s m\u00e1s e-kereskedelmi platformokon. 2016 j\u00falius\u00e1ban l\u00e9trehozt\u00e1k az e-kereskedelmi \u00e9s k\u00fclkereskedelmi miniszt\u00e9riumot, \u00e9s be\u00e9p\u00edtett\u00e9k a rezidens hatalom e-kereskedelmi \u00e9p\u00fclet\u00e9be. Az e-kereskedelem mind\u00f6ssze k\u00e9t \u00e9ve alatt a term\u00e9keket az eg\u00e9sz orsz\u00e1gban \u00e9rt\u00e9kes\u00edtik, \u00e9s az Egyes\u00fclt \u00c1llamokba, Oroszorsz\u00e1gba, Alg\u00e9ri\u00e1ba \u00e9s m\u00e1s tengerent\u00fali orsz\u00e1gokba export\u00e1lj\u00e1k.<\/p>\n<p><img alt=\"ABOUT US-Mini Excavators For Sale - Rippa\u00ae China Manufacturer\" title=\"ABOUT US-Mini Excavators For Sale - Rippa\u00ae China Manufacturer\" decoding=\"async\" class=\"aligncenter size-full wp-image-2276\" src=\"https:\/\/www.rippaexcavator.com\/wp-content\/uploads\/2021\/12\/121212_01.jpg\" width=\"100%\" srcset=\"https:\/\/www.rippaexcavator.com\/wp-content\/uploads\/2021\/12\/121212_01.jpg 850w, https:\/\/www.rippaexcavator.com\/wp-content\/uploads\/2021\/12\/121212_01-300x76.jpg 300w, https:\/\/www.rippaexcavator.com\/wp-content\/uploads\/2021\/12\/121212_01-768x195.jpg 768w\" sizes=\"(max-width: 850px) 100vw, 850px\" \/><\/p>\n<p><img alt=\"ABOUT US-Mini Excavators For Sale - Rippa\u00ae China Manufacturer\" title=\"ABOUT US-Mini Excavators For Sale - Rippa\u00ae China Manufacturer\" decoding=\"async\" class=\"aligncenter size-full wp-image-2277\" src=\"https:\/\/www.rippaexcavator.com\/wp-content\/uploads\/2021\/12\/121212_02.jpg\" width=\"100%\" srcset=\"https:\/\/www.rippaexcavator.com\/wp-content\/uploads\/2021\/12\/121212_02.jpg 850w, https:\/\/www.rippaexcavator.com\/wp-content\/uploads\/2021\/12\/121212_02-300x72.jpg 300w, https:\/\/www.rippaexcavator.com\/wp-content\/uploads\/2021\/12\/121212_02-768x184.jpg 768w\" sizes=\"(max-width: 850px) 100vw, 850px\" \/><\/p>\n<p style=\"text-indent: 10px;\">A j\u00f3 ipar\u00e1gi h\u00edrn\u00e9vvel, t\u00f6k\u00e9letes \u00e9rt\u00e9kes\u00edt\u00e9si h\u00e1l\u00f3zattal \u00e9s t\u00f6k\u00e9letes m\u0171szaki rendszerrel elnyerte a hazai \u00e9s k\u00fclf\u00f6ldi \u00fcgyfelek egyhang\u00fa dics\u00e9ret\u00e9t. A v\u00e1llalat ragaszkodik a piacorient\u00e1lt, a szolg\u00e1ltat\u00e1s els\u0151, valamint az e-kereskedelem \u00e9s az egys\u00e9g kombin\u00e1ci\u00f3j\u00e1nak v\u00e1llalati szellem\u00e9hez. A k\u00f6vetkez\u0151 k\u00e9t \u00e9vben arra t\u00f6reksz\u00fcnk, hogy a lipai-t nemzeti e-kereskedelmi modellv\u00e1llalkoz\u00e1ss\u00e1 alak\u00edtsuk.<\/p>\n<p><img alt=\"ABOUT US-Mini Excavators For Sale - Rippa\u00ae China Manufacturer\" title=\"ABOUT US-Mini Excavators For Sale - Rippa\u00ae China Manufacturer\" decoding=\"async\" class=\"alignnone size-full wp-image-1189\" src=\"https:\/\/rippaexcavator.com\/wp-content\/uploads\/2021\/03\/111.jpg\" width=\"100%\" srcset=\"https:\/\/www.rippaexcavator.com\/wp-content\/uploads\/2021\/03\/111.jpg 800w, https:\/\/www.rippaexcavator.com\/wp-content\/uploads\/2021\/03\/111-300x31.jpg 300w, https:\/\/www.rippaexcavator.com\/wp-content\/uploads\/2021\/03\/111-768x79.jpg 768w\" sizes=\"(max-width: 800px) 100vw, 800px\" \/><\/p>\n<p><img alt=\"ABOUT US-Mini Excavators For Sale - Rippa\u00ae China Manufacturer\" title=\"ABOUT US-Mini Excavators For Sale - Rippa\u00ae China Manufacturer\" decoding=\"async\" class=\"aligncenter size-full wp-image-2176\" src=\"https:\/\/www.rippaexcavator.com\/wp-content\/uploads\/2021\/11\/\u5fae\u4fe1\u56fe\u7247_20211129111341.jpg\" width=\"100%\" srcset=\"https:\/\/www.rippaexcavator.com\/wp-content\/uploads\/2021\/11\/\u5fae\u4fe1\u56fe\u7247_20211129111341.jpg 2251w, https:\/\/www.rippaexcavator.com\/wp-content\/uploads\/2021\/11\/\u5fae\u4fe1\u56fe\u7247_20211129111341-300x160.jpg 300w, https:\/\/www.rippaexcavator.com\/wp-content\/uploads\/2021\/11\/\u5fae\u4fe1\u56fe\u7247_20211129111341-1024x545.jpg 1024w, https:\/\/www.rippaexcavator.com\/wp-content\/uploads\/2021\/11\/\u5fae\u4fe1\u56fe\u7247_20211129111341-768x408.jpg 768w, https:\/\/www.rippaexcavator.com\/wp-content\/uploads\/2021\/11\/\u5fae\u4fe1\u56fe\u7247_20211129111341-1536x817.jpg 1536w, https:\/\/www.rippaexcavator.com\/wp-content\/uploads\/2021\/11\/\u5fae\u4fe1\u56fe\u7247_20211129111341-2048x1089.jpg 2048w\" sizes=\"(max-width: 2251px) 100vw, 2251px\" \/><\/p>","protected":false},"excerpt":{"rendered":"<p>China Rippa Machinery Group Co., Ltd., established in 2012, is located in Jining City, Shandong Province, with a registered capital of 50 million. It is a professional construction machinery Co., Ltd. which integrates the development, production and sales of non-standard special equipment, tooling and fixtures, parts and components, and complete construction machinery. The company has [&hellip;]<\/p>","protected":false},"author":1,"featured_media":0,"parent":0,"menu_order":0,"comment_status":"open","ping_status":"open","template":"","meta":{"_acf_changed":false,"footnotes":""},"class_list":["post-2","page","type-page","status-publish","hentry"],"acf":[],"yoast_head":"<!-- This site is optimized with the Yoast SEO plugin v26.6 - https:\/\/yoast.com\/wordpress\/plugins\/seo\/ -->\n<title>ABOUT US - Mini Excavators For Sale - Rippa\u00ae China Manufacturer<\/title>\n<meta name=\"robots\" content=\"index, follow, max-snippet:-1, max-image-preview:large, max-video-preview:-1\" \/>\n<link rel=\"canonical\" href=\"https:\/\/www.rippaexcavator.com\/hu\/about\/\" \/>\n<meta property=\"og:locale\" content=\"hu_HU\" \/>\n<meta property=\"og:type\" content=\"article\" \/>\n<meta property=\"og:title\" content=\"ABOUT US - Mini Excavators For Sale - Rippa\u00ae China Manufacturer\" \/>\n<meta property=\"og:description\" content=\"China Rippa Machinery Group Co., Ltd., established in 2012, is located in Jining City, Shandong Province, with a registered capital of 50 million. It is a professional construction machinery Co., Ltd. which integrates the development, production and sales of non-standard special equipment, tooling and fixtures, parts and components, and complete construction machinery. The company has [&hellip;]\" \/>\n<meta property=\"og:url\" content=\"https:\/\/www.rippaexcavator.com\/hu\/about\/\" \/>\n<meta property=\"og:site_name\" content=\"Mini Excavators For Sale - Rippa\u00ae China Manufacturer\" \/>\n<meta property=\"article:publisher\" content=\"https:\/\/www.facebook.com\/RippaGroup\" \/>\n<meta property=\"article:modified_time\" content=\"2022-01-07T04:57:47+00:00\" \/>\n<meta property=\"og:image\" content=\"https:\/\/www.rippaexcavator.com\/wp-content\/uploads\/2022\/01\/oome.jpg\" \/>\n<meta name=\"twitter:card\" content=\"summary_large_image\" \/>\n<meta name=\"twitter:label1\" content=\"Becs\u00fclt olvas\u00e1si id\u0151\" \/>\n\t<meta name=\"twitter:data1\" content=\"1 perc\" \/>\n<script type=\"application\/ld+json\" class=\"yoast-schema-graph\">{\"@context\":\"https:\/\/schema.org\",\"@graph\":[{\"@type\":\"WebPage\",\"@id\":\"https:\/\/www.rippaexcavator.com\/about\/\",\"url\":\"https:\/\/www.rippaexcavator.com\/about\/\",\"name\":\"ABOUT US - Mini Excavators For Sale - Rippa\u00ae China Manufacturer\",\"isPartOf\":{\"@id\":\"https:\/\/www.rippaexcavator.com\/#website\"},\"primaryImageOfPage\":{\"@id\":\"https:\/\/www.rippaexcavator.com\/about\/#primaryimage\"},\"image\":{\"@id\":\"https:\/\/www.rippaexcavator.com\/about\/#primaryimage\"},\"thumbnailUrl\":\"https:\/\/www.rippaexcavator.com\/wp-content\/uploads\/2022\/01\/oome.jpg\",\"datePublished\":\"2020-10-03T07:25:50+00:00\",\"dateModified\":\"2022-01-07T04:57:47+00:00\",\"breadcrumb\":{\"@id\":\"https:\/\/www.rippaexcavator.com\/about\/#breadcrumb\"},\"inLanguage\":\"hu\",\"potentialAction\":[{\"@type\":\"ReadAction\",\"target\":[\"https:\/\/www.rippaexcavator.com\/about\/\"]}]},{\"@type\":\"ImageObject\",\"inLanguage\":\"hu\",\"@id\":\"https:\/\/www.rippaexcavator.com\/about\/#primaryimage\",\"url\":\"https:\/\/www.rippaexcavator.com\/wp-content\/uploads\/2022\/01\/oome.jpg\",\"contentUrl\":\"https:\/\/www.rippaexcavator.com\/wp-content\/uploads\/2022\/01\/oome.jpg\"},{\"@type\":\"BreadcrumbList\",\"@id\":\"https:\/\/www.rippaexcavator.com\/about\/#breadcrumb\",\"itemListElement\":[{\"@type\":\"ListItem\",\"position\":1,\"name\":\"\u9996\u9875\",\"item\":\"https:\/\/www.rippaexcavator.com\/\"},{\"@type\":\"ListItem\",\"position\":2,\"name\":\"ABOUT US\"}]},{\"@type\":\"WebSite\",\"@id\":\"https:\/\/www.rippaexcavator.com\/#website\",\"url\":\"https:\/\/www.rippaexcavator.com\/\",\"name\":\"Rippa excavator\",\"description\":\"Professional manufacturer of mini excavators in China, can customize ODM, OEM, air conditioning, color, \u200ebe our agent\uff01\",\"potentialAction\":[{\"@type\":\"SearchAction\",\"target\":{\"@type\":\"EntryPoint\",\"urlTemplate\":\"https:\/\/www.rippaexcavator.com\/?s={search_term_string}\"},\"query-input\":{\"@type\":\"PropertyValueSpecification\",\"valueRequired\":true,\"valueName\":\"search_term_string\"}}],\"inLanguage\":\"hu\"}]}<\/script>\n<!-- \/ Yoast SEO plugin. -->","yoast_head_json":{"title":"ABOUT US - Mini Excavators For Sale - Rippa\u00ae China Manufacturer","robots":{"index":"index","follow":"follow","max-snippet":"max-snippet:-1","max-image-preview":"max-image-preview:large","max-video-preview":"max-video-preview:-1"},"canonical":"https:\/\/www.rippaexcavator.com\/hu\/about\/","og_locale":"hu_HU","og_type":"article","og_title":"ABOUT US - Mini Excavators For Sale - Rippa\u00ae China Manufacturer","og_description":"China Rippa Machinery Group Co., Ltd., established in 2012, is located in Jining City, Shandong Province, with a registered capital of 50 million. It is a professional construction machinery Co., Ltd. which integrates the development, production and sales of non-standard special equipment, tooling and fixtures, parts and components, and complete construction machinery. The company has [&hellip;]","og_url":"https:\/\/www.rippaexcavator.com\/hu\/about\/","og_site_name":"Mini Excavators For Sale - Rippa\u00ae China Manufacturer","article_publisher":"https:\/\/www.facebook.com\/RippaGroup","article_modified_time":"2022-01-07T04:57:47+00:00","og_image":[{"url":"https:\/\/www.rippaexcavator.com\/wp-content\/uploads\/2022\/01\/oome.jpg","type":"","width":"","height":""}],"twitter_card":"summary_large_image","twitter_misc":{"Becs\u00fclt olvas\u00e1si id\u0151":"1 perc"},"schema":{"@context":"https:\/\/schema.org","@graph":[{"@type":"WebPage","@id":"https:\/\/www.rippaexcavator.com\/about\/","url":"https:\/\/www.rippaexcavator.com\/about\/","name":"ABOUT US - Mini Excavators For Sale - Rippa\u00ae China Manufacturer","isPartOf":{"@id":"https:\/\/www.rippaexcavator.com\/#website"},"primaryImageOfPage":{"@id":"https:\/\/www.rippaexcavator.com\/about\/#primaryimage"},"image":{"@id":"https:\/\/www.rippaexcavator.com\/about\/#primaryimage"},"thumbnailUrl":"https:\/\/www.rippaexcavator.com\/wp-content\/uploads\/2022\/01\/oome.jpg","datePublished":"2020-10-03T07:25:50+00:00","dateModified":"2022-01-07T04:57:47+00:00","breadcrumb":{"@id":"https:\/\/www.rippaexcavator.com\/about\/#breadcrumb"},"inLanguage":"hu","potentialAction":[{"@type":"ReadAction","target":["https:\/\/www.rippaexcavator.com\/about\/"]}]},{"@type":"ImageObject","inLanguage":"hu","@id":"https:\/\/www.rippaexcavator.com\/about\/#primaryimage","url":"https:\/\/www.rippaexcavator.com\/wp-content\/uploads\/2022\/01\/oome.jpg","contentUrl":"https:\/\/www.rippaexcavator.com\/wp-content\/uploads\/2022\/01\/oome.jpg"},{"@type":"BreadcrumbList","@id":"https:\/\/www.rippaexcavator.com\/about\/#breadcrumb","itemListElement":[{"@type":"ListItem","position":1,"name":"\u9996\u9875","item":"https:\/\/www.rippaexcavator.com\/"},{"@type":"ListItem","position":2,"name":"ABOUT US"}]},{"@type":"WebSite","@id":"https:\/\/www.rippaexcavator.com\/#website","url":"https:\/\/www.rippaexcavator.com\/","name":"Rippa excavator","description":"Professional manufacturer of mini excavators in China, can customize ODM, OEM, air conditioning, color, \u200ebe our agent\uff01","potentialAction":[{"@type":"SearchAction","target":{"@type":"EntryPoint","urlTemplate":"https:\/\/www.rippaexcavator.com\/?s={search_term_string}"},"query-input":{"@type":"PropertyValueSpecification","valueRequired":true,"valueName":"search_term_string"}}],"inLanguage":"hu"}]}},"_links":{"self":[{"href":"https:\/\/www.rippaexcavator.com\/hu\/wp-json\/wp\/v2\/pages\/2","targetHints":{"allow":["GET"]}}],"collection":[{"href":"https:\/\/www.rippaexcavator.com\/hu\/wp-json\/wp\/v2\/pages"}],"about":[{"href":"https:\/\/www.rippaexcavator.com\/hu\/wp-json\/wp\/v2\/types\/page"}],"author":[{"embeddable":true,"href":"https:\/\/www.rippaexcavator.com\/hu\/wp-json\/wp\/v2\/users\/1"}],"replies":[{"embeddable":true,"href":"https:\/\/www.rippaexcavator.com\/hu\/wp-json\/wp\/v2\/comments?post=2"}],"version-history":[{"count":0,"href":"https:\/\/www.rippaexcavator.com\/hu\/wp-json\/wp\/v2\/pages\/2\/revisions"}],"wp:attachment":[{"href":"https:\/\/www.rippaexcavator.com\/hu\/wp-json\/wp\/v2\/media?parent=2"}],"curies":[{"name":"wp","href":"https:\/\/api.w.org\/{rel}","templated":true}]}}