{"id":2,"date":"2020-10-03T15:25:50","date_gmt":"2020-10-03T07:25:50","guid":{"rendered":"http:\/\/rippaexcavator.com\/?page_id=2"},"modified":"2022-01-07T12:57:47","modified_gmt":"2022-01-07T04:57:47","slug":"about","status":"publish","type":"page","link":"https:\/\/www.rippaexcavator.com\/de\/about\/","title":{"rendered":"ABOUT US"},"content":{"rendered":"<p style=\"text-indent: 10px;\">Die im Jahr 2012 gegr\u00fcndete China Rippa Machinery Group Co. Ltd. hat ihren Sitz in Jining City, Provinz Shandong, und verf\u00fcgt \u00fcber ein Stammkapital von 50 Millionen. Es ist ein professionelles Unternehmen f\u00fcr Baumaschinen, das die Entwicklung, die Produktion und den Verkauf von nicht standardisierten Spezialger\u00e4ten, Werkzeugen und Vorrichtungen, Teilen und Komponenten sowie kompletten Baumaschinen integriert. Das Unternehmen verf\u00fcgt \u00fcber ein starkes technisches Entwicklungsteam, strenge Vorschriften f\u00fcr das Produktionsmanagement und eine standardisierte Flie\u00dfbandproduktion. Das Unternehmen hat derzeit 200 registrierte Mitarbeiter.<\/p>\n<p><img alt=\"ABOUT US-Mini Excavators For Sale - Rippa\u00ae China Manufacturer\" title=\"ABOUT US-Mini Excavators For Sale - Rippa\u00ae China Manufacturer\" decoding=\"async\" class=\"aligncenter size-full wp-image-2289\" src=\"https:\/\/www.rippaexcavator.com\/wp-content\/uploads\/2022\/01\/oome.jpg\" width=\"100%\" srcset=\"https:\/\/www.rippaexcavator.com\/wp-content\/uploads\/2022\/01\/oome.jpg 1000w, https:\/\/www.rippaexcavator.com\/wp-content\/uploads\/2022\/01\/oome-300x284.jpg 300w, https:\/\/www.rippaexcavator.com\/wp-content\/uploads\/2022\/01\/oome-768x728.jpg 768w\" sizes=\"(max-width: 1000px) 100vw, 1000px\" \/><\/p>\n<p style=\"text-indent: 10px;\">Gegenw\u00e4rtig stellt das Unternehmen haupts\u00e4chlich verschiedene Arten von Baggern, Walzen, Raupentransportfahrzeugen usw. her. Es beliefert und unterst\u00fctzt die weltbekannten Unternehmen Komatsu, Shantui, XCMG, BYD, Lingong, Lovol heavy industry, Yankuang, sijimuge, Wanda, Ginza und andere gro\u00dfe Unternehmen.<\/p>\n<p><img alt=\"ABOUT US-Mini Excavators For Sale - Rippa\u00ae China Manufacturer\" title=\"ABOUT US-Mini Excavators For Sale - Rippa\u00ae China Manufacturer\" decoding=\"async\" class=\"aligncenter size-full wp-image-2234\" src=\"https:\/\/www.rippaexcavator.com\/wp-content\/uploads\/2021\/11\/peijina_03-1.jpg\" width=\"100%\" srcset=\"https:\/\/www.rippaexcavator.com\/wp-content\/uploads\/2021\/11\/peijina_03-1.jpg 1258w, https:\/\/www.rippaexcavator.com\/wp-content\/uploads\/2021\/11\/peijina_03-1-300x77.jpg 300w, https:\/\/www.rippaexcavator.com\/wp-content\/uploads\/2021\/11\/peijina_03-1-1024x263.jpg 1024w, https:\/\/www.rippaexcavator.com\/wp-content\/uploads\/2021\/11\/peijina_03-1-768x197.jpg 768w\" sizes=\"(max-width: 1258px) 100vw, 1258px\" \/><\/p>\n<p><img alt=\"ABOUT US-Mini Excavators For Sale - Rippa\u00ae China Manufacturer\" title=\"ABOUT US-Mini Excavators For Sale - Rippa\u00ae China Manufacturer\" decoding=\"async\" class=\"aligncenter size-full wp-image-2232\" src=\"https:\/\/www.rippaexcavator.com\/wp-content\/uploads\/2021\/11\/peijina_01-1-e1638604046523.jpg\" width=\"100%\" srcset=\"https:\/\/www.rippaexcavator.com\/wp-content\/uploads\/2021\/11\/peijina_01-1-e1638604046523.jpg 1258w, https:\/\/www.rippaexcavator.com\/wp-content\/uploads\/2021\/11\/peijina_01-1-e1638604046523-300x75.jpg 300w, https:\/\/www.rippaexcavator.com\/wp-content\/uploads\/2021\/11\/peijina_01-1-e1638604046523-1024x256.jpg 1024w, https:\/\/www.rippaexcavator.com\/wp-content\/uploads\/2021\/11\/peijina_01-1-e1638604046523-768x192.jpg 768w\" sizes=\"(max-width: 1258px) 100vw, 1258px\" \/><\/p>\n<p style=\"text-indent: 10px;\">Im M\u00e4rz 2015 gr\u00fcndete das Unternehmen die Abteilung f\u00fcr E-Commerce-Gesch\u00e4fte und lie\u00df sich bei Alibaba, Taobao, Jingdong, Baidu und anderen E-Commerce-Plattformen nieder. Im Juli 2016 wurde das Ministerium f\u00fcr E-Commerce und Au\u00dfenhandel gegr\u00fcndet und in das E-Commerce-Geb\u00e4ude der Resident Power integriert. In nur zwei Jahren E-Commerce werden die Produkte im ganzen Land verkauft und in die Vereinigten Staaten, nach Russland, Algerien und andere L\u00e4nder in \u00dcbersee exportiert.<\/p>\n<p><img alt=\"ABOUT US-Mini Excavators For Sale - Rippa\u00ae China Manufacturer\" title=\"ABOUT US-Mini Excavators For Sale - Rippa\u00ae China Manufacturer\" decoding=\"async\" class=\"aligncenter size-full wp-image-2276\" src=\"https:\/\/www.rippaexcavator.com\/wp-content\/uploads\/2021\/12\/121212_01.jpg\" width=\"100%\" srcset=\"https:\/\/www.rippaexcavator.com\/wp-content\/uploads\/2021\/12\/121212_01.jpg 850w, https:\/\/www.rippaexcavator.com\/wp-content\/uploads\/2021\/12\/121212_01-300x76.jpg 300w, https:\/\/www.rippaexcavator.com\/wp-content\/uploads\/2021\/12\/121212_01-768x195.jpg 768w\" sizes=\"(max-width: 850px) 100vw, 850px\" \/><\/p>\n<p><img alt=\"ABOUT US-Mini Excavators For Sale - Rippa\u00ae China Manufacturer\" title=\"ABOUT US-Mini Excavators For Sale - Rippa\u00ae China Manufacturer\" decoding=\"async\" class=\"aligncenter size-full wp-image-2277\" src=\"https:\/\/www.rippaexcavator.com\/wp-content\/uploads\/2021\/12\/121212_02.jpg\" width=\"100%\" srcset=\"https:\/\/www.rippaexcavator.com\/wp-content\/uploads\/2021\/12\/121212_02.jpg 850w, https:\/\/www.rippaexcavator.com\/wp-content\/uploads\/2021\/12\/121212_02-300x72.jpg 300w, https:\/\/www.rippaexcavator.com\/wp-content\/uploads\/2021\/12\/121212_02-768x184.jpg 768w\" sizes=\"(max-width: 850px) 100vw, 850px\" \/><\/p>\n<p style=\"text-indent: 10px;\">Mit einem guten Ruf in der Branche, einem perfekten Vertriebsnetz und einem perfekten technischen System hat das Unternehmen das einhellige Lob in- und ausl\u00e4ndischer Kunden gewonnen. Das Unternehmen h\u00e4lt sich an den Unternehmensgeist der Marktorientierung, des Service an erster Stelle und der Kombination von E-Commerce und Unternehmen. In den n\u00e4chsten zwei Jahren werden wir uns bem\u00fchen, lipai zu einem nationalen E-Commerce-Modellunternehmen auszubauen.<\/p>\n<p><img alt=\"ABOUT US-Mini Excavators For Sale - Rippa\u00ae China Manufacturer\" title=\"ABOUT US-Mini Excavators For Sale - Rippa\u00ae China Manufacturer\" decoding=\"async\" class=\"alignnone size-full wp-image-1189\" src=\"https:\/\/rippaexcavator.com\/wp-content\/uploads\/2021\/03\/111.jpg\" width=\"100%\" srcset=\"https:\/\/www.rippaexcavator.com\/wp-content\/uploads\/2021\/03\/111.jpg 800w, https:\/\/www.rippaexcavator.com\/wp-content\/uploads\/2021\/03\/111-300x31.jpg 300w, https:\/\/www.rippaexcavator.com\/wp-content\/uploads\/2021\/03\/111-768x79.jpg 768w\" sizes=\"(max-width: 800px) 100vw, 800px\" \/><\/p>\n<p><img alt=\"ABOUT US-Mini Excavators For Sale - Rippa\u00ae China Manufacturer\" title=\"ABOUT US-Mini Excavators For Sale - Rippa\u00ae China Manufacturer\" decoding=\"async\" class=\"aligncenter size-full wp-image-2176\" src=\"https:\/\/www.rippaexcavator.com\/wp-content\/uploads\/2021\/11\/\u5fae\u4fe1\u56fe\u7247_20211129111341.jpg\" width=\"100%\" srcset=\"https:\/\/www.rippaexcavator.com\/wp-content\/uploads\/2021\/11\/\u5fae\u4fe1\u56fe\u7247_20211129111341.jpg 2251w, https:\/\/www.rippaexcavator.com\/wp-content\/uploads\/2021\/11\/\u5fae\u4fe1\u56fe\u7247_20211129111341-300x160.jpg 300w, https:\/\/www.rippaexcavator.com\/wp-content\/uploads\/2021\/11\/\u5fae\u4fe1\u56fe\u7247_20211129111341-1024x545.jpg 1024w, https:\/\/www.rippaexcavator.com\/wp-content\/uploads\/2021\/11\/\u5fae\u4fe1\u56fe\u7247_20211129111341-768x408.jpg 768w, https:\/\/www.rippaexcavator.com\/wp-content\/uploads\/2021\/11\/\u5fae\u4fe1\u56fe\u7247_20211129111341-1536x817.jpg 1536w, https:\/\/www.rippaexcavator.com\/wp-content\/uploads\/2021\/11\/\u5fae\u4fe1\u56fe\u7247_20211129111341-2048x1089.jpg 2048w\" sizes=\"(max-width: 2251px) 100vw, 2251px\" \/><\/p>","protected":false},"excerpt":{"rendered":"<p>China Rippa Machinery Group Co., Ltd., established in 2012, is located in Jining City, Shandong Province, with a registered capital of 50 million. It is a professional construction machinery Co., Ltd. which integrates the development, production and sales of non-standard special equipment, tooling and fixtures, parts and components, and complete construction machinery. The company has [&hellip;]<\/p>","protected":false},"author":1,"featured_media":0,"parent":0,"menu_order":0,"comment_status":"open","ping_status":"open","template":"","meta":{"_acf_changed":false,"footnotes":""},"class_list":["post-2","page","type-page","status-publish","hentry"],"acf":[],"yoast_head":"<!-- This site is optimized with the Yoast SEO plugin v26.6 - https:\/\/yoast.com\/wordpress\/plugins\/seo\/ -->\n<title>ABOUT US - Mini Excavators For Sale - Rippa\u00ae China Manufacturer<\/title>\n<meta name=\"robots\" content=\"index, follow, max-snippet:-1, max-image-preview:large, max-video-preview:-1\" \/>\n<link rel=\"canonical\" href=\"https:\/\/www.rippaexcavator.com\/de\/about\/\" \/>\n<meta property=\"og:locale\" content=\"de_DE\" \/>\n<meta property=\"og:type\" content=\"article\" \/>\n<meta property=\"og:title\" content=\"ABOUT US - Mini Excavators For Sale - Rippa\u00ae China Manufacturer\" \/>\n<meta property=\"og:description\" content=\"China Rippa Machinery Group Co., Ltd., established in 2012, is located in Jining City, Shandong Province, with a registered capital of 50 million. It is a professional construction machinery Co., Ltd. which integrates the development, production and sales of non-standard special equipment, tooling and fixtures, parts and components, and complete construction machinery. The company has [&hellip;]\" \/>\n<meta property=\"og:url\" content=\"https:\/\/www.rippaexcavator.com\/de\/about\/\" \/>\n<meta property=\"og:site_name\" content=\"Mini Excavators For Sale - Rippa\u00ae China Manufacturer\" \/>\n<meta property=\"article:publisher\" content=\"https:\/\/www.facebook.com\/RippaGroup\" \/>\n<meta property=\"article:modified_time\" content=\"2022-01-07T04:57:47+00:00\" \/>\n<meta property=\"og:image\" content=\"https:\/\/www.rippaexcavator.com\/wp-content\/uploads\/2022\/01\/oome.jpg\" \/>\n<meta name=\"twitter:card\" content=\"summary_large_image\" \/>\n<meta name=\"twitter:label1\" content=\"Gesch\u00e4tzte Lesezeit\" \/>\n\t<meta name=\"twitter:data1\" content=\"1\u00a0Minute\" \/>\n<script type=\"application\/ld+json\" class=\"yoast-schema-graph\">{\"@context\":\"https:\/\/schema.org\",\"@graph\":[{\"@type\":\"WebPage\",\"@id\":\"https:\/\/www.rippaexcavator.com\/about\/\",\"url\":\"https:\/\/www.rippaexcavator.com\/about\/\",\"name\":\"ABOUT US - Mini Excavators For Sale - Rippa\u00ae China Manufacturer\",\"isPartOf\":{\"@id\":\"https:\/\/www.rippaexcavator.com\/#website\"},\"primaryImageOfPage\":{\"@id\":\"https:\/\/www.rippaexcavator.com\/about\/#primaryimage\"},\"image\":{\"@id\":\"https:\/\/www.rippaexcavator.com\/about\/#primaryimage\"},\"thumbnailUrl\":\"https:\/\/www.rippaexcavator.com\/wp-content\/uploads\/2022\/01\/oome.jpg\",\"datePublished\":\"2020-10-03T07:25:50+00:00\",\"dateModified\":\"2022-01-07T04:57:47+00:00\",\"breadcrumb\":{\"@id\":\"https:\/\/www.rippaexcavator.com\/about\/#breadcrumb\"},\"inLanguage\":\"de\",\"potentialAction\":[{\"@type\":\"ReadAction\",\"target\":[\"https:\/\/www.rippaexcavator.com\/about\/\"]}]},{\"@type\":\"ImageObject\",\"inLanguage\":\"de\",\"@id\":\"https:\/\/www.rippaexcavator.com\/about\/#primaryimage\",\"url\":\"https:\/\/www.rippaexcavator.com\/wp-content\/uploads\/2022\/01\/oome.jpg\",\"contentUrl\":\"https:\/\/www.rippaexcavator.com\/wp-content\/uploads\/2022\/01\/oome.jpg\"},{\"@type\":\"BreadcrumbList\",\"@id\":\"https:\/\/www.rippaexcavator.com\/about\/#breadcrumb\",\"itemListElement\":[{\"@type\":\"ListItem\",\"position\":1,\"name\":\"\u9996\u9875\",\"item\":\"https:\/\/www.rippaexcavator.com\/\"},{\"@type\":\"ListItem\",\"position\":2,\"name\":\"ABOUT US\"}]},{\"@type\":\"WebSite\",\"@id\":\"https:\/\/www.rippaexcavator.com\/#website\",\"url\":\"https:\/\/www.rippaexcavator.com\/\",\"name\":\"Rippa excavator\",\"description\":\"Professional manufacturer of mini excavators in China, can customize ODM, OEM, air conditioning, color, \u200ebe our agent\uff01\",\"potentialAction\":[{\"@type\":\"SearchAction\",\"target\":{\"@type\":\"EntryPoint\",\"urlTemplate\":\"https:\/\/www.rippaexcavator.com\/?s={search_term_string}\"},\"query-input\":{\"@type\":\"PropertyValueSpecification\",\"valueRequired\":true,\"valueName\":\"search_term_string\"}}],\"inLanguage\":\"de\"}]}<\/script>\n<!-- \/ Yoast SEO plugin. -->","yoast_head_json":{"title":"ABOUT US - Mini Excavators For Sale - Rippa\u00ae China Manufacturer","robots":{"index":"index","follow":"follow","max-snippet":"max-snippet:-1","max-image-preview":"max-image-preview:large","max-video-preview":"max-video-preview:-1"},"canonical":"https:\/\/www.rippaexcavator.com\/de\/about\/","og_locale":"de_DE","og_type":"article","og_title":"ABOUT US - Mini Excavators For Sale - Rippa\u00ae China Manufacturer","og_description":"China Rippa Machinery Group Co., Ltd., established in 2012, is located in Jining City, Shandong Province, with a registered capital of 50 million. It is a professional construction machinery Co., Ltd. which integrates the development, production and sales of non-standard special equipment, tooling and fixtures, parts and components, and complete construction machinery. The company has [&hellip;]","og_url":"https:\/\/www.rippaexcavator.com\/de\/about\/","og_site_name":"Mini Excavators For Sale - Rippa\u00ae China Manufacturer","article_publisher":"https:\/\/www.facebook.com\/RippaGroup","article_modified_time":"2022-01-07T04:57:47+00:00","og_image":[{"url":"https:\/\/www.rippaexcavator.com\/wp-content\/uploads\/2022\/01\/oome.jpg","type":"","width":"","height":""}],"twitter_card":"summary_large_image","twitter_misc":{"Gesch\u00e4tzte Lesezeit":"1\u00a0Minute"},"schema":{"@context":"https:\/\/schema.org","@graph":[{"@type":"WebPage","@id":"https:\/\/www.rippaexcavator.com\/about\/","url":"https:\/\/www.rippaexcavator.com\/about\/","name":"ABOUT US - Mini Excavators For Sale - Rippa\u00ae China Manufacturer","isPartOf":{"@id":"https:\/\/www.rippaexcavator.com\/#website"},"primaryImageOfPage":{"@id":"https:\/\/www.rippaexcavator.com\/about\/#primaryimage"},"image":{"@id":"https:\/\/www.rippaexcavator.com\/about\/#primaryimage"},"thumbnailUrl":"https:\/\/www.rippaexcavator.com\/wp-content\/uploads\/2022\/01\/oome.jpg","datePublished":"2020-10-03T07:25:50+00:00","dateModified":"2022-01-07T04:57:47+00:00","breadcrumb":{"@id":"https:\/\/www.rippaexcavator.com\/about\/#breadcrumb"},"inLanguage":"de","potentialAction":[{"@type":"ReadAction","target":["https:\/\/www.rippaexcavator.com\/about\/"]}]},{"@type":"ImageObject","inLanguage":"de","@id":"https:\/\/www.rippaexcavator.com\/about\/#primaryimage","url":"https:\/\/www.rippaexcavator.com\/wp-content\/uploads\/2022\/01\/oome.jpg","contentUrl":"https:\/\/www.rippaexcavator.com\/wp-content\/uploads\/2022\/01\/oome.jpg"},{"@type":"BreadcrumbList","@id":"https:\/\/www.rippaexcavator.com\/about\/#breadcrumb","itemListElement":[{"@type":"ListItem","position":1,"name":"\u9996\u9875","item":"https:\/\/www.rippaexcavator.com\/"},{"@type":"ListItem","position":2,"name":"ABOUT US"}]},{"@type":"WebSite","@id":"https:\/\/www.rippaexcavator.com\/#website","url":"https:\/\/www.rippaexcavator.com\/","name":"Rippa excavator","description":"Professional manufacturer of mini excavators in China, can customize ODM, OEM, air conditioning, color, \u200ebe our agent\uff01","potentialAction":[{"@type":"SearchAction","target":{"@type":"EntryPoint","urlTemplate":"https:\/\/www.rippaexcavator.com\/?s={search_term_string}"},"query-input":{"@type":"PropertyValueSpecification","valueRequired":true,"valueName":"search_term_string"}}],"inLanguage":"de"}]}},"_links":{"self":[{"href":"https:\/\/www.rippaexcavator.com\/de\/wp-json\/wp\/v2\/pages\/2","targetHints":{"allow":["GET"]}}],"collection":[{"href":"https:\/\/www.rippaexcavator.com\/de\/wp-json\/wp\/v2\/pages"}],"about":[{"href":"https:\/\/www.rippaexcavator.com\/de\/wp-json\/wp\/v2\/types\/page"}],"author":[{"embeddable":true,"href":"https:\/\/www.rippaexcavator.com\/de\/wp-json\/wp\/v2\/users\/1"}],"replies":[{"embeddable":true,"href":"https:\/\/www.rippaexcavator.com\/de\/wp-json\/wp\/v2\/comments?post=2"}],"version-history":[{"count":0,"href":"https:\/\/www.rippaexcavator.com\/de\/wp-json\/wp\/v2\/pages\/2\/revisions"}],"wp:attachment":[{"href":"https:\/\/www.rippaexcavator.com\/de\/wp-json\/wp\/v2\/media?parent=2"}],"curies":[{"name":"wp","href":"https:\/\/api.w.org\/{rel}","templated":true}]}}