{"id":2,"date":"2020-10-03T15:25:50","date_gmt":"2020-10-03T07:25:50","guid":{"rendered":"http:\/\/rippaexcavator.com\/?page_id=2"},"modified":"2022-01-07T12:57:47","modified_gmt":"2022-01-07T04:57:47","slug":"about","status":"publish","type":"page","link":"https:\/\/www.rippaexcavator.com\/cs\/about\/","title":{"rendered":"O N\u00c1S"},"content":{"rendered":"<p style=\"text-indent: 10px;\">Spole\u010dnost China Rippa Machinery Group Co., Ltd., zalo\u017een\u00e1 v roce 2012, se nach\u00e1z\u00ed ve m\u011bst\u011b Jining v provincii Shandong a m\u00e1 z\u00e1kladn\u00ed kapit\u00e1l 50 mil. Je to profesion\u00e1ln\u00ed stavebn\u00ed stroj\u00edrensk\u00e1 spole\u010dnost Co., Ltd., kter\u00e1 integruje v\u00fdvoj, v\u00fdrobu a prodej nestandardn\u00edch speci\u00e1ln\u00edch za\u0159\u00edzen\u00ed, n\u00e1stroj\u016f a p\u0159\u00edpravk\u016f, d\u00edl\u016f a komponent\u016f a kompletn\u00edch stavebn\u00edch stroj\u016f. Spole\u010dnost m\u00e1 siln\u00fd t\u00fdm technick\u00e9ho v\u00fdvoje, p\u0159\u00edsn\u00e9 p\u0159edpisy pro \u0159\u00edzen\u00ed v\u00fdroby a standardn\u00ed v\u00fdrobn\u00ed operace na mont\u00e1\u017en\u00ed lince. Spole\u010dnost m\u00e1 nyn\u00ed 200 registrovan\u00fdch zam\u011bstnanc\u016f.<\/p>\n<p><img alt=\"ABOUT US-Mini Excavators For Sale - Rippa\u00ae China Manufacturer\" title=\"ABOUT US-Mini Excavators For Sale - Rippa\u00ae China Manufacturer\" decoding=\"async\" class=\"aligncenter size-full wp-image-2289\" src=\"https:\/\/www.rippaexcavator.com\/wp-content\/uploads\/2022\/01\/oome.jpg\" width=\"100%\" srcset=\"https:\/\/www.rippaexcavator.com\/wp-content\/uploads\/2022\/01\/oome.jpg 1000w, https:\/\/www.rippaexcavator.com\/wp-content\/uploads\/2022\/01\/oome-300x284.jpg 300w, https:\/\/www.rippaexcavator.com\/wp-content\/uploads\/2022\/01\/oome-768x728.jpg 768w\" sizes=\"(max-width: 1000px) 100vw, 1000px\" \/><\/p>\n<p style=\"text-indent: 10px;\">V sou\u010dasn\u00e9 dob\u011b spole\u010dnost vyr\u00e1b\u00ed p\u0159edev\u0161\u00edm r\u016fzn\u00e9 typy r\u00fdpadel, v\u00e1lc\u016f, p\u00e1sov\u00fdch dopravn\u00edch prost\u0159edk\u016f atd. Dod\u00e1v\u00e1 a poskytuje podp\u016frn\u00e9 za\u0159\u00edzen\u00ed pro sv\u011btozn\u00e1m\u00e9 spole\u010dnosti Komatsu, Shantui, XCMG, BYD, Lingong, Lovol heavy industry, Yankuang, sijimuge, Wanda, Ginza a dal\u0161\u00ed velk\u00e9 podniky.<\/p>\n<p><img alt=\"ABOUT US-Mini Excavators For Sale - Rippa\u00ae China Manufacturer\" title=\"ABOUT US-Mini Excavators For Sale - Rippa\u00ae China Manufacturer\" decoding=\"async\" class=\"aligncenter size-full wp-image-2234\" src=\"https:\/\/www.rippaexcavator.com\/wp-content\/uploads\/2021\/11\/peijina_03-1.jpg\" width=\"100%\" srcset=\"https:\/\/www.rippaexcavator.com\/wp-content\/uploads\/2021\/11\/peijina_03-1.jpg 1258w, https:\/\/www.rippaexcavator.com\/wp-content\/uploads\/2021\/11\/peijina_03-1-300x77.jpg 300w, https:\/\/www.rippaexcavator.com\/wp-content\/uploads\/2021\/11\/peijina_03-1-1024x263.jpg 1024w, https:\/\/www.rippaexcavator.com\/wp-content\/uploads\/2021\/11\/peijina_03-1-768x197.jpg 768w\" sizes=\"(max-width: 1258px) 100vw, 1258px\" \/><\/p>\n<p><img alt=\"ABOUT US-Mini Excavators For Sale - Rippa\u00ae China Manufacturer\" title=\"ABOUT US-Mini Excavators For Sale - Rippa\u00ae China Manufacturer\" decoding=\"async\" class=\"aligncenter size-full wp-image-2232\" src=\"https:\/\/www.rippaexcavator.com\/wp-content\/uploads\/2021\/11\/peijina_01-1-e1638604046523.jpg\" width=\"100%\" srcset=\"https:\/\/www.rippaexcavator.com\/wp-content\/uploads\/2021\/11\/peijina_01-1-e1638604046523.jpg 1258w, https:\/\/www.rippaexcavator.com\/wp-content\/uploads\/2021\/11\/peijina_01-1-e1638604046523-300x75.jpg 300w, https:\/\/www.rippaexcavator.com\/wp-content\/uploads\/2021\/11\/peijina_01-1-e1638604046523-1024x256.jpg 1024w, https:\/\/www.rippaexcavator.com\/wp-content\/uploads\/2021\/11\/peijina_01-1-e1638604046523-768x192.jpg 768w\" sizes=\"(max-width: 1258px) 100vw, 1258px\" \/><\/p>\n<p style=\"text-indent: 10px;\">V b\u0159eznu 2015 spole\u010dnost zalo\u017eila odd\u011blen\u00ed elektronick\u00e9ho obchodu a usadila se na platform\u00e1ch Alibaba, Taobao, Jingdong, Baidu a dal\u0161\u00edch platform\u00e1ch elektronick\u00e9ho obchodu. V \u010dervenci 2016 bylo z\u0159\u00edzeno ministerstvo elektronick\u00e9ho obchodu a zahrani\u010dn\u00edho obchodu a za\u010dlen\u011bno do budovy rezidentn\u00ed moci elektronick\u00e9ho obchodu. Za pouh\u00e9 dva roky elektronick\u00e9ho obchodov\u00e1n\u00ed se v\u00fdrobky prod\u00e1vaj\u00ed po cel\u00e9 zemi a vyv\u00e1\u017eej\u00ed se do Spojen\u00fdch st\u00e1t\u016f, Ruska, Al\u017e\u00edrska a dal\u0161\u00edch z\u00e1mo\u0159sk\u00fdch zem\u00ed.<\/p>\n<p><img alt=\"ABOUT US-Mini Excavators For Sale - Rippa\u00ae China Manufacturer\" title=\"ABOUT US-Mini Excavators For Sale - Rippa\u00ae China Manufacturer\" decoding=\"async\" class=\"aligncenter size-full wp-image-2276\" src=\"https:\/\/www.rippaexcavator.com\/wp-content\/uploads\/2021\/12\/121212_01.jpg\" width=\"100%\" srcset=\"https:\/\/www.rippaexcavator.com\/wp-content\/uploads\/2021\/12\/121212_01.jpg 850w, https:\/\/www.rippaexcavator.com\/wp-content\/uploads\/2021\/12\/121212_01-300x76.jpg 300w, https:\/\/www.rippaexcavator.com\/wp-content\/uploads\/2021\/12\/121212_01-768x195.jpg 768w\" sizes=\"(max-width: 850px) 100vw, 850px\" \/><\/p>\n<p><img alt=\"ABOUT US-Mini Excavators For Sale - Rippa\u00ae China Manufacturer\" title=\"ABOUT US-Mini Excavators For Sale - Rippa\u00ae China Manufacturer\" decoding=\"async\" class=\"aligncenter size-full wp-image-2277\" src=\"https:\/\/www.rippaexcavator.com\/wp-content\/uploads\/2021\/12\/121212_02.jpg\" width=\"100%\" srcset=\"https:\/\/www.rippaexcavator.com\/wp-content\/uploads\/2021\/12\/121212_02.jpg 850w, https:\/\/www.rippaexcavator.com\/wp-content\/uploads\/2021\/12\/121212_02-300x72.jpg 300w, https:\/\/www.rippaexcavator.com\/wp-content\/uploads\/2021\/12\/121212_02-768x184.jpg 768w\" sizes=\"(max-width: 850px) 100vw, 850px\" \/><\/p>\n<p style=\"text-indent: 10px;\">D\u00edky dobr\u00e9 pov\u011bsti v oboru, dokonal\u00e9 prodejn\u00ed s\u00edti a dokonal\u00e9mu technick\u00e9mu syst\u00e9mu si z\u00edskala jednozna\u010dnou chv\u00e1lu dom\u00e1c\u00edch i zahrani\u010dn\u00edch z\u00e1kazn\u00edk\u016f. Spole\u010dnost se \u0159\u00edd\u00ed z\u00e1sadou orientace na trh, slu\u017eby na prvn\u00edm m\u00edst\u011b a kombinac\u00ed elektronick\u00e9ho obchodu a subjektu. V p\u0159\u00ed\u0161t\u00edch dvou letech budeme usilovat o to, aby se spole\u010dnost lipai stala n\u00e1rodn\u00edm vzorov\u00fdm podnikem v oblasti elektronick\u00e9ho obchodov\u00e1n\u00ed.<\/p>\n<p><img alt=\"ABOUT US-Mini Excavators For Sale - Rippa\u00ae China Manufacturer\" title=\"ABOUT US-Mini Excavators For Sale - Rippa\u00ae China Manufacturer\" decoding=\"async\" class=\"alignnone size-full wp-image-1189\" src=\"https:\/\/rippaexcavator.com\/wp-content\/uploads\/2021\/03\/111.jpg\" width=\"100%\" srcset=\"https:\/\/www.rippaexcavator.com\/wp-content\/uploads\/2021\/03\/111.jpg 800w, https:\/\/www.rippaexcavator.com\/wp-content\/uploads\/2021\/03\/111-300x31.jpg 300w, https:\/\/www.rippaexcavator.com\/wp-content\/uploads\/2021\/03\/111-768x79.jpg 768w\" sizes=\"(max-width: 800px) 100vw, 800px\" \/><\/p>\n<p><img alt=\"ABOUT US-Mini Excavators For Sale - Rippa\u00ae China Manufacturer\" title=\"ABOUT US-Mini Excavators For Sale - Rippa\u00ae China Manufacturer\" decoding=\"async\" class=\"aligncenter size-full wp-image-2176\" src=\"https:\/\/www.rippaexcavator.com\/wp-content\/uploads\/2021\/11\/\u5fae\u4fe1\u56fe\u7247_20211129111341.jpg\" width=\"100%\" srcset=\"https:\/\/www.rippaexcavator.com\/wp-content\/uploads\/2021\/11\/\u5fae\u4fe1\u56fe\u7247_20211129111341.jpg 2251w, https:\/\/www.rippaexcavator.com\/wp-content\/uploads\/2021\/11\/\u5fae\u4fe1\u56fe\u7247_20211129111341-300x160.jpg 300w, https:\/\/www.rippaexcavator.com\/wp-content\/uploads\/2021\/11\/\u5fae\u4fe1\u56fe\u7247_20211129111341-1024x545.jpg 1024w, https:\/\/www.rippaexcavator.com\/wp-content\/uploads\/2021\/11\/\u5fae\u4fe1\u56fe\u7247_20211129111341-768x408.jpg 768w, https:\/\/www.rippaexcavator.com\/wp-content\/uploads\/2021\/11\/\u5fae\u4fe1\u56fe\u7247_20211129111341-1536x817.jpg 1536w, https:\/\/www.rippaexcavator.com\/wp-content\/uploads\/2021\/11\/\u5fae\u4fe1\u56fe\u7247_20211129111341-2048x1089.jpg 2048w\" sizes=\"(max-width: 2251px) 100vw, 2251px\" \/><\/p>","protected":false},"excerpt":{"rendered":"<p>China Rippa Machinery Group Co., Ltd., established in 2012, is located in Jining City, Shandong Province, with a registered capital of 50 million. It is a professional construction machinery Co., Ltd. which integrates the development, production and sales of non-standard special equipment, tooling and fixtures, parts and components, and complete construction machinery. The company has [&hellip;]<\/p>","protected":false},"author":1,"featured_media":0,"parent":0,"menu_order":0,"comment_status":"open","ping_status":"open","template":"","meta":{"_acf_changed":false,"footnotes":""},"class_list":["post-2","page","type-page","status-publish","hentry"],"acf":[],"yoast_head":"<!-- This site is optimized with the Yoast SEO plugin v26.6 - https:\/\/yoast.com\/wordpress\/plugins\/seo\/ -->\n<title>ABOUT US - Mini Excavators For Sale - Rippa\u00ae China Manufacturer<\/title>\n<meta name=\"robots\" content=\"index, follow, max-snippet:-1, max-image-preview:large, max-video-preview:-1\" \/>\n<link rel=\"canonical\" href=\"https:\/\/www.rippaexcavator.com\/cs\/about\/\" \/>\n<meta property=\"og:locale\" content=\"cs_CZ\" \/>\n<meta property=\"og:type\" content=\"article\" \/>\n<meta property=\"og:title\" content=\"ABOUT US - Mini Excavators For Sale - Rippa\u00ae China Manufacturer\" \/>\n<meta property=\"og:description\" content=\"China Rippa Machinery Group Co., Ltd., established in 2012, is located in Jining City, Shandong Province, with a registered capital of 50 million. It is a professional construction machinery Co., Ltd. which integrates the development, production and sales of non-standard special equipment, tooling and fixtures, parts and components, and complete construction machinery. The company has [&hellip;]\" \/>\n<meta property=\"og:url\" content=\"https:\/\/www.rippaexcavator.com\/cs\/about\/\" \/>\n<meta property=\"og:site_name\" content=\"Mini Excavators For Sale - Rippa\u00ae China Manufacturer\" \/>\n<meta property=\"article:publisher\" content=\"https:\/\/www.facebook.com\/RippaGroup\" \/>\n<meta property=\"article:modified_time\" content=\"2022-01-07T04:57:47+00:00\" \/>\n<meta property=\"og:image\" content=\"https:\/\/www.rippaexcavator.com\/wp-content\/uploads\/2022\/01\/oome.jpg\" \/>\n<meta name=\"twitter:card\" content=\"summary_large_image\" \/>\n<meta name=\"twitter:label1\" content=\"Odhadovan\u00e1 doba \u010dten\u00ed\" \/>\n\t<meta name=\"twitter:data1\" content=\"1 minuta\" \/>\n<script type=\"application\/ld+json\" class=\"yoast-schema-graph\">{\"@context\":\"https:\/\/schema.org\",\"@graph\":[{\"@type\":\"WebPage\",\"@id\":\"https:\/\/www.rippaexcavator.com\/about\/\",\"url\":\"https:\/\/www.rippaexcavator.com\/about\/\",\"name\":\"ABOUT US - Mini Excavators For Sale - Rippa\u00ae China Manufacturer\",\"isPartOf\":{\"@id\":\"https:\/\/www.rippaexcavator.com\/#website\"},\"primaryImageOfPage\":{\"@id\":\"https:\/\/www.rippaexcavator.com\/about\/#primaryimage\"},\"image\":{\"@id\":\"https:\/\/www.rippaexcavator.com\/about\/#primaryimage\"},\"thumbnailUrl\":\"https:\/\/www.rippaexcavator.com\/wp-content\/uploads\/2022\/01\/oome.jpg\",\"datePublished\":\"2020-10-03T07:25:50+00:00\",\"dateModified\":\"2022-01-07T04:57:47+00:00\",\"breadcrumb\":{\"@id\":\"https:\/\/www.rippaexcavator.com\/about\/#breadcrumb\"},\"inLanguage\":\"cs\",\"potentialAction\":[{\"@type\":\"ReadAction\",\"target\":[\"https:\/\/www.rippaexcavator.com\/about\/\"]}]},{\"@type\":\"ImageObject\",\"inLanguage\":\"cs\",\"@id\":\"https:\/\/www.rippaexcavator.com\/about\/#primaryimage\",\"url\":\"https:\/\/www.rippaexcavator.com\/wp-content\/uploads\/2022\/01\/oome.jpg\",\"contentUrl\":\"https:\/\/www.rippaexcavator.com\/wp-content\/uploads\/2022\/01\/oome.jpg\"},{\"@type\":\"BreadcrumbList\",\"@id\":\"https:\/\/www.rippaexcavator.com\/about\/#breadcrumb\",\"itemListElement\":[{\"@type\":\"ListItem\",\"position\":1,\"name\":\"\u9996\u9875\",\"item\":\"https:\/\/www.rippaexcavator.com\/\"},{\"@type\":\"ListItem\",\"position\":2,\"name\":\"ABOUT US\"}]},{\"@type\":\"WebSite\",\"@id\":\"https:\/\/www.rippaexcavator.com\/#website\",\"url\":\"https:\/\/www.rippaexcavator.com\/\",\"name\":\"Rippa excavator\",\"description\":\"Professional manufacturer of mini excavators in China, can customize ODM, OEM, air conditioning, color, \u200ebe our agent\uff01\",\"potentialAction\":[{\"@type\":\"SearchAction\",\"target\":{\"@type\":\"EntryPoint\",\"urlTemplate\":\"https:\/\/www.rippaexcavator.com\/?s={search_term_string}\"},\"query-input\":{\"@type\":\"PropertyValueSpecification\",\"valueRequired\":true,\"valueName\":\"search_term_string\"}}],\"inLanguage\":\"cs\"}]}<\/script>\n<!-- \/ Yoast SEO plugin. -->","yoast_head_json":{"title":"ABOUT US - Mini Excavators For Sale - Rippa\u00ae China Manufacturer","robots":{"index":"index","follow":"follow","max-snippet":"max-snippet:-1","max-image-preview":"max-image-preview:large","max-video-preview":"max-video-preview:-1"},"canonical":"https:\/\/www.rippaexcavator.com\/cs\/about\/","og_locale":"cs_CZ","og_type":"article","og_title":"ABOUT US - Mini Excavators For Sale - Rippa\u00ae China Manufacturer","og_description":"China Rippa Machinery Group Co., Ltd., established in 2012, is located in Jining City, Shandong Province, with a registered capital of 50 million. It is a professional construction machinery Co., Ltd. which integrates the development, production and sales of non-standard special equipment, tooling and fixtures, parts and components, and complete construction machinery. The company has [&hellip;]","og_url":"https:\/\/www.rippaexcavator.com\/cs\/about\/","og_site_name":"Mini Excavators For Sale - Rippa\u00ae China Manufacturer","article_publisher":"https:\/\/www.facebook.com\/RippaGroup","article_modified_time":"2022-01-07T04:57:47+00:00","og_image":[{"url":"https:\/\/www.rippaexcavator.com\/wp-content\/uploads\/2022\/01\/oome.jpg","type":"","width":"","height":""}],"twitter_card":"summary_large_image","twitter_misc":{"Odhadovan\u00e1 doba \u010dten\u00ed":"1 minuta"},"schema":{"@context":"https:\/\/schema.org","@graph":[{"@type":"WebPage","@id":"https:\/\/www.rippaexcavator.com\/about\/","url":"https:\/\/www.rippaexcavator.com\/about\/","name":"ABOUT US - Mini Excavators For Sale - Rippa\u00ae China Manufacturer","isPartOf":{"@id":"https:\/\/www.rippaexcavator.com\/#website"},"primaryImageOfPage":{"@id":"https:\/\/www.rippaexcavator.com\/about\/#primaryimage"},"image":{"@id":"https:\/\/www.rippaexcavator.com\/about\/#primaryimage"},"thumbnailUrl":"https:\/\/www.rippaexcavator.com\/wp-content\/uploads\/2022\/01\/oome.jpg","datePublished":"2020-10-03T07:25:50+00:00","dateModified":"2022-01-07T04:57:47+00:00","breadcrumb":{"@id":"https:\/\/www.rippaexcavator.com\/about\/#breadcrumb"},"inLanguage":"cs","potentialAction":[{"@type":"ReadAction","target":["https:\/\/www.rippaexcavator.com\/about\/"]}]},{"@type":"ImageObject","inLanguage":"cs","@id":"https:\/\/www.rippaexcavator.com\/about\/#primaryimage","url":"https:\/\/www.rippaexcavator.com\/wp-content\/uploads\/2022\/01\/oome.jpg","contentUrl":"https:\/\/www.rippaexcavator.com\/wp-content\/uploads\/2022\/01\/oome.jpg"},{"@type":"BreadcrumbList","@id":"https:\/\/www.rippaexcavator.com\/about\/#breadcrumb","itemListElement":[{"@type":"ListItem","position":1,"name":"\u9996\u9875","item":"https:\/\/www.rippaexcavator.com\/"},{"@type":"ListItem","position":2,"name":"ABOUT US"}]},{"@type":"WebSite","@id":"https:\/\/www.rippaexcavator.com\/#website","url":"https:\/\/www.rippaexcavator.com\/","name":"Rippa excavator","description":"Professional manufacturer of mini excavators in China, can customize ODM, OEM, air conditioning, color, \u200ebe our agent\uff01","potentialAction":[{"@type":"SearchAction","target":{"@type":"EntryPoint","urlTemplate":"https:\/\/www.rippaexcavator.com\/?s={search_term_string}"},"query-input":{"@type":"PropertyValueSpecification","valueRequired":true,"valueName":"search_term_string"}}],"inLanguage":"cs"}]}},"_links":{"self":[{"href":"https:\/\/www.rippaexcavator.com\/cs\/wp-json\/wp\/v2\/pages\/2","targetHints":{"allow":["GET"]}}],"collection":[{"href":"https:\/\/www.rippaexcavator.com\/cs\/wp-json\/wp\/v2\/pages"}],"about":[{"href":"https:\/\/www.rippaexcavator.com\/cs\/wp-json\/wp\/v2\/types\/page"}],"author":[{"embeddable":true,"href":"https:\/\/www.rippaexcavator.com\/cs\/wp-json\/wp\/v2\/users\/1"}],"replies":[{"embeddable":true,"href":"https:\/\/www.rippaexcavator.com\/cs\/wp-json\/wp\/v2\/comments?post=2"}],"version-history":[{"count":0,"href":"https:\/\/www.rippaexcavator.com\/cs\/wp-json\/wp\/v2\/pages\/2\/revisions"}],"wp:attachment":[{"href":"https:\/\/www.rippaexcavator.com\/cs\/wp-json\/wp\/v2\/media?parent=2"}],"curies":[{"name":"wp","href":"https:\/\/api.w.org\/{rel}","templated":true}]}}